{"id":1542,"date":"2023-12-05T11:28:53","date_gmt":"2023-12-05T10:28:53","guid":{"rendered":"https:\/\/zkk-frankfurt.de\/kiefer-orthopaedie\/"},"modified":"2024-06-07T12:06:09","modified_gmt":"2024-06-07T10:06:09","slug":"orthodontie","status":"publish","type":"page","link":"https:\/\/zkk-frankfurt.de\/fr\/traitements\/orthodontie\/","title":{"rendered":"Orthodontie"},"content":{"rendered":"","protected":false},"excerpt":{"rendered":"","protected":false},"author":1,"featured_media":1543,"parent":1559,"menu_order":0,"comment_status":"closed","ping_status":"closed","template":"","meta":{"footnotes":""},"class_list":["post-1542","page","type-page","status-publish","has-post-thumbnail","hentry"],"yoast_head":"<!-- This site is optimized with the Yoast SEO plugin v27.3 - https:\/\/yoast.com\/product\/yoast-seo-wordpress\/ -->\n<title>Orthodontie adulte - Dr Krell et associ\u00e9s<\/title>\n<meta name=\"description\" content=\"Nous sommes sp\u00e9cialis\u00e9s dans l&#039;orthodontie (KFO) pour adultes. Nous nous ferons un plaisir de vous conseiller \u00e0 ce sujet. R\u00e9servez un rendez-vous d\u00e8s maintenant !\" \/>\n<meta name=\"robots\" content=\"index, follow, max-snippet:-1, max-image-preview:large, max-video-preview:-1\" \/>\n<link rel=\"canonical\" href=\"https:\/\/zkk-frankfurt.de\/fr\/traitements\/orthodontie\/\" \/>\n<meta property=\"og:locale\" content=\"fr_FR\" \/>\n<meta property=\"og:type\" content=\"article\" \/>\n<meta property=\"og:title\" content=\"Orthodontie adulte - Dr Krell et associ\u00e9s\" \/>\n<meta property=\"og:description\" content=\"Nous sommes sp\u00e9cialis\u00e9s dans l&#039;orthodontie (KFO) pour adultes. Nous nous ferons un plaisir de vous conseiller \u00e0 ce sujet. R\u00e9servez un rendez-vous d\u00e8s maintenant !\" \/>\n<meta property=\"og:url\" content=\"https:\/\/zkk-frankfurt.de\/fr\/traitements\/orthodontie\/\" \/>\n<meta property=\"og:site_name\" content=\"ZKK\" \/>\n<meta property=\"article:publisher\" content=\"https:\/\/de-de.facebook.com\/KrellZahnarztFrankfurt\/\" \/>\n<meta property=\"article:modified_time\" content=\"2024-06-07T10:06:09+00:00\" \/>\n<meta property=\"og:image\" content=\"https:\/\/zkk-frankfurt.de\/wp-content\/uploads\/ZKK-Frankfurt-Kiefer-Orthopaedie.jpg\" \/>\n\t<meta property=\"og:image:width\" content=\"1600\" \/>\n\t<meta property=\"og:image:height\" content=\"530\" \/>\n\t<meta property=\"og:image:type\" content=\"image\/jpeg\" \/>\n<meta name=\"twitter:card\" content=\"summary_large_image\" \/>\n<meta name=\"twitter:label1\" content=\"Dur\u00e9e de lecture estim\u00e9e\" \/>\n\t<meta name=\"twitter:data1\" content=\"1 minute\" \/>\n<script type=\"application\/ld+json\" class=\"yoast-schema-graph\">{\"@context\":\"https:\\\/\\\/schema.org\",\"@graph\":[{\"@type\":\"WebPage\",\"@id\":\"https:\\\/\\\/zkk-frankfurt.de\\\/fr\\\/traitements\\\/orthodontie\\\/\",\"url\":\"https:\\\/\\\/zkk-frankfurt.de\\\/fr\\\/traitements\\\/orthodontie\\\/\",\"name\":\"Orthodontie adulte - Dr Krell et associ\u00e9s\",\"isPartOf\":{\"@id\":\"https:\\\/\\\/zkk-frankfurt.de\\\/fr\\\/#website\"},\"primaryImageOfPage\":{\"@id\":\"https:\\\/\\\/zkk-frankfurt.de\\\/fr\\\/traitements\\\/orthodontie\\\/#primaryimage\"},\"image\":{\"@id\":\"https:\\\/\\\/zkk-frankfurt.de\\\/fr\\\/traitements\\\/orthodontie\\\/#primaryimage\"},\"thumbnailUrl\":\"https:\\\/\\\/zkk-frankfurt.de\\\/wp-content\\\/uploads\\\/ZKK-Frankfurt-Kiefer-Orthopaedie.jpg\",\"datePublished\":\"2023-12-05T10:28:53+00:00\",\"dateModified\":\"2024-06-07T10:06:09+00:00\",\"description\":\"Nous sommes sp\u00e9cialis\u00e9s dans l'orthodontie (KFO) pour adultes. Nous nous ferons un plaisir de vous conseiller \u00e0 ce sujet. R\u00e9servez un rendez-vous d\u00e8s maintenant !\",\"breadcrumb\":{\"@id\":\"https:\\\/\\\/zkk-frankfurt.de\\\/fr\\\/traitements\\\/orthodontie\\\/#breadcrumb\"},\"inLanguage\":\"fr-FR\",\"potentialAction\":[{\"@type\":\"ReadAction\",\"target\":[\"https:\\\/\\\/zkk-frankfurt.de\\\/fr\\\/traitements\\\/orthodontie\\\/\"]}]},{\"@type\":\"ImageObject\",\"inLanguage\":\"fr-FR\",\"@id\":\"https:\\\/\\\/zkk-frankfurt.de\\\/fr\\\/traitements\\\/orthodontie\\\/#primaryimage\",\"url\":\"https:\\\/\\\/zkk-frankfurt.de\\\/wp-content\\\/uploads\\\/ZKK-Frankfurt-Kiefer-Orthopaedie.jpg\",\"contentUrl\":\"https:\\\/\\\/zkk-frankfurt.de\\\/wp-content\\\/uploads\\\/ZKK-Frankfurt-Kiefer-Orthopaedie.jpg\",\"width\":1600,\"height\":530,\"caption\":\"ZKK \u2013 Zahn\u00e4rzte Krell & Kollegen \u2013 Kiefer-Orthop\u00e4die in Frankfurt Stadtmitte\"},{\"@type\":\"BreadcrumbList\",\"@id\":\"https:\\\/\\\/zkk-frankfurt.de\\\/fr\\\/traitements\\\/orthodontie\\\/#breadcrumb\",\"itemListElement\":[{\"@type\":\"ListItem\",\"position\":1,\"name\":\"Startseite\",\"item\":\"https:\\\/\\\/zkk-frankfurt.de\\\/fr\\\/\"},{\"@type\":\"ListItem\",\"position\":2,\"name\":\"Traitements\",\"item\":\"https:\\\/\\\/zkk-frankfurt.de\\\/fr\\\/traitements\\\/\"},{\"@type\":\"ListItem\",\"position\":3,\"name\":\"Orthodontie\"}]},{\"@type\":\"WebSite\",\"@id\":\"https:\\\/\\\/zkk-frankfurt.de\\\/fr\\\/#website\",\"url\":\"https:\\\/\\\/zkk-frankfurt.de\\\/fr\\\/\",\"name\":\"Zahnarzt Dr. Krell & Kollegen in Frankfurt\",\"description\":\"\",\"publisher\":{\"@id\":\"https:\\\/\\\/zkk-frankfurt.de\\\/fr\\\/#organization\"},\"potentialAction\":[{\"@type\":\"SearchAction\",\"target\":{\"@type\":\"EntryPoint\",\"urlTemplate\":\"https:\\\/\\\/zkk-frankfurt.de\\\/fr\\\/?s={search_term_string}\"},\"query-input\":{\"@type\":\"PropertyValueSpecification\",\"valueRequired\":true,\"valueName\":\"search_term_string\"}}],\"inLanguage\":\"fr-FR\"},{\"@type\":\"Organization\",\"@id\":\"https:\\\/\\\/zkk-frankfurt.de\\\/fr\\\/#organization\",\"name\":\"Zahnarzt Dr. Krell & Kollegen in Frankfurt\",\"url\":\"https:\\\/\\\/zkk-frankfurt.de\\\/fr\\\/\",\"logo\":{\"@type\":\"ImageObject\",\"inLanguage\":\"fr-FR\",\"@id\":\"https:\\\/\\\/zkk-frankfurt.de\\\/fr\\\/#\\\/schema\\\/logo\\\/image\\\/\",\"url\":\"https:\\\/\\\/zkk-frankfurt.de\\\/wp-content\\\/uploads\\\/zkk-kontakt-anfahrt-01.jpg\",\"contentUrl\":\"https:\\\/\\\/zkk-frankfurt.de\\\/wp-content\\\/uploads\\\/zkk-kontakt-anfahrt-01.jpg\",\"width\":1600,\"height\":1067,\"caption\":\"Zahnarzt Dr. Krell & Kollegen in Frankfurt\"},\"image\":{\"@id\":\"https:\\\/\\\/zkk-frankfurt.de\\\/fr\\\/#\\\/schema\\\/logo\\\/image\\\/\"},\"sameAs\":[\"https:\\\/\\\/de-de.facebook.com\\\/KrellZahnarztFrankfurt\\\/\",\"https:\\\/\\\/www.instagram.com\\\/frankfurtzahnarzt\\\/?hl=de\"]}]}<\/script>\n<!-- \/ Yoast SEO plugin. -->","yoast_head_json":{"title":"Orthodontie adulte - Dr Krell et associ\u00e9s","description":"Nous sommes sp\u00e9cialis\u00e9s dans l'orthodontie (KFO) pour adultes. Nous nous ferons un plaisir de vous conseiller \u00e0 ce sujet. R\u00e9servez un rendez-vous d\u00e8s maintenant !","robots":{"index":"index","follow":"follow","max-snippet":"max-snippet:-1","max-image-preview":"max-image-preview:large","max-video-preview":"max-video-preview:-1"},"canonical":"https:\/\/zkk-frankfurt.de\/fr\/traitements\/orthodontie\/","og_locale":"fr_FR","og_type":"article","og_title":"Orthodontie adulte - Dr Krell et associ\u00e9s","og_description":"Nous sommes sp\u00e9cialis\u00e9s dans l'orthodontie (KFO) pour adultes. Nous nous ferons un plaisir de vous conseiller \u00e0 ce sujet. R\u00e9servez un rendez-vous d\u00e8s maintenant !","og_url":"https:\/\/zkk-frankfurt.de\/fr\/traitements\/orthodontie\/","og_site_name":"ZKK","article_publisher":"https:\/\/de-de.facebook.com\/KrellZahnarztFrankfurt\/","article_modified_time":"2024-06-07T10:06:09+00:00","og_image":[{"width":1600,"height":530,"url":"https:\/\/zkk-frankfurt.de\/wp-content\/uploads\/ZKK-Frankfurt-Kiefer-Orthopaedie.jpg","type":"image\/jpeg"}],"twitter_card":"summary_large_image","twitter_misc":{"Dur\u00e9e de lecture estim\u00e9e":"1 minute"},"schema":{"@context":"https:\/\/schema.org","@graph":[{"@type":"WebPage","@id":"https:\/\/zkk-frankfurt.de\/fr\/traitements\/orthodontie\/","url":"https:\/\/zkk-frankfurt.de\/fr\/traitements\/orthodontie\/","name":"Orthodontie adulte - Dr Krell et associ\u00e9s","isPartOf":{"@id":"https:\/\/zkk-frankfurt.de\/fr\/#website"},"primaryImageOfPage":{"@id":"https:\/\/zkk-frankfurt.de\/fr\/traitements\/orthodontie\/#primaryimage"},"image":{"@id":"https:\/\/zkk-frankfurt.de\/fr\/traitements\/orthodontie\/#primaryimage"},"thumbnailUrl":"https:\/\/zkk-frankfurt.de\/wp-content\/uploads\/ZKK-Frankfurt-Kiefer-Orthopaedie.jpg","datePublished":"2023-12-05T10:28:53+00:00","dateModified":"2024-06-07T10:06:09+00:00","description":"Nous sommes sp\u00e9cialis\u00e9s dans l'orthodontie (KFO) pour adultes. Nous nous ferons un plaisir de vous conseiller \u00e0 ce sujet. R\u00e9servez un rendez-vous d\u00e8s maintenant !","breadcrumb":{"@id":"https:\/\/zkk-frankfurt.de\/fr\/traitements\/orthodontie\/#breadcrumb"},"inLanguage":"fr-FR","potentialAction":[{"@type":"ReadAction","target":["https:\/\/zkk-frankfurt.de\/fr\/traitements\/orthodontie\/"]}]},{"@type":"ImageObject","inLanguage":"fr-FR","@id":"https:\/\/zkk-frankfurt.de\/fr\/traitements\/orthodontie\/#primaryimage","url":"https:\/\/zkk-frankfurt.de\/wp-content\/uploads\/ZKK-Frankfurt-Kiefer-Orthopaedie.jpg","contentUrl":"https:\/\/zkk-frankfurt.de\/wp-content\/uploads\/ZKK-Frankfurt-Kiefer-Orthopaedie.jpg","width":1600,"height":530,"caption":"ZKK \u2013 Zahn\u00e4rzte Krell & Kollegen \u2013 Kiefer-Orthop\u00e4die in Frankfurt Stadtmitte"},{"@type":"BreadcrumbList","@id":"https:\/\/zkk-frankfurt.de\/fr\/traitements\/orthodontie\/#breadcrumb","itemListElement":[{"@type":"ListItem","position":1,"name":"Startseite","item":"https:\/\/zkk-frankfurt.de\/fr\/"},{"@type":"ListItem","position":2,"name":"Traitements","item":"https:\/\/zkk-frankfurt.de\/fr\/traitements\/"},{"@type":"ListItem","position":3,"name":"Orthodontie"}]},{"@type":"WebSite","@id":"https:\/\/zkk-frankfurt.de\/fr\/#website","url":"https:\/\/zkk-frankfurt.de\/fr\/","name":"Zahnarzt Dr. Krell & Kollegen in Frankfurt","description":"","publisher":{"@id":"https:\/\/zkk-frankfurt.de\/fr\/#organization"},"potentialAction":[{"@type":"SearchAction","target":{"@type":"EntryPoint","urlTemplate":"https:\/\/zkk-frankfurt.de\/fr\/?s={search_term_string}"},"query-input":{"@type":"PropertyValueSpecification","valueRequired":true,"valueName":"search_term_string"}}],"inLanguage":"fr-FR"},{"@type":"Organization","@id":"https:\/\/zkk-frankfurt.de\/fr\/#organization","name":"Zahnarzt Dr. Krell & Kollegen in Frankfurt","url":"https:\/\/zkk-frankfurt.de\/fr\/","logo":{"@type":"ImageObject","inLanguage":"fr-FR","@id":"https:\/\/zkk-frankfurt.de\/fr\/#\/schema\/logo\/image\/","url":"https:\/\/zkk-frankfurt.de\/wp-content\/uploads\/zkk-kontakt-anfahrt-01.jpg","contentUrl":"https:\/\/zkk-frankfurt.de\/wp-content\/uploads\/zkk-kontakt-anfahrt-01.jpg","width":1600,"height":1067,"caption":"Zahnarzt Dr. Krell & Kollegen in Frankfurt"},"image":{"@id":"https:\/\/zkk-frankfurt.de\/fr\/#\/schema\/logo\/image\/"},"sameAs":["https:\/\/de-de.facebook.com\/KrellZahnarztFrankfurt\/","https:\/\/www.instagram.com\/frankfurtzahnarzt\/?hl=de"]}]}},"_links":{"self":[{"href":"https:\/\/zkk-frankfurt.de\/fr\/wp-json\/wp\/v2\/pages\/1542","targetHints":{"allow":["GET"]}}],"collection":[{"href":"https:\/\/zkk-frankfurt.de\/fr\/wp-json\/wp\/v2\/pages"}],"about":[{"href":"https:\/\/zkk-frankfurt.de\/fr\/wp-json\/wp\/v2\/types\/page"}],"author":[{"embeddable":true,"href":"https:\/\/zkk-frankfurt.de\/fr\/wp-json\/wp\/v2\/users\/1"}],"replies":[{"embeddable":true,"href":"https:\/\/zkk-frankfurt.de\/fr\/wp-json\/wp\/v2\/comments?post=1542"}],"version-history":[{"count":0,"href":"https:\/\/zkk-frankfurt.de\/fr\/wp-json\/wp\/v2\/pages\/1542\/revisions"}],"up":[{"embeddable":true,"href":"https:\/\/zkk-frankfurt.de\/fr\/wp-json\/wp\/v2\/pages\/1559"}],"wp:featuredmedia":[{"embeddable":true,"href":"https:\/\/zkk-frankfurt.de\/fr\/wp-json\/wp\/v2\/media\/1543"}],"wp:attachment":[{"href":"https:\/\/zkk-frankfurt.de\/fr\/wp-json\/wp\/v2\/media?parent=1542"}],"curies":[{"name":"wp","href":"https:\/\/api.w.org\/{rel}","templated":true}]}}