{"id":1546,"date":"2023-12-04T12:16:22","date_gmt":"2023-12-04T11:16:22","guid":{"rendered":"https:\/\/zkk-frankfurt.de\/kiefergelenk-behandlung\/"},"modified":"2024-06-07T12:06:28","modified_gmt":"2024-06-07T10:06:28","slug":"traitement-de-larticulation-temporo-mandibulaire","status":"publish","type":"page","link":"https:\/\/zkk-frankfurt.de\/fr\/traitements\/traitement-de-larticulation-temporo-mandibulaire\/","title":{"rendered":"Traitement de l&#8217;articulation temporo-mandibulaire"},"content":{"rendered":"","protected":false},"excerpt":{"rendered":"","protected":false},"author":1,"featured_media":0,"parent":1559,"menu_order":0,"comment_status":"closed","ping_status":"closed","template":"","meta":{"footnotes":""},"class_list":["post-1546","page","type-page","status-publish","hentry"],"yoast_head":"<!-- This site is optimized with the Yoast SEO plugin v27.3 - https:\/\/yoast.com\/product\/yoast-seo-wordpress\/ -->\n<title>Traitements de l&#039;articulation temporo-mandibulaire \u2705 Dentistes Krell &amp; Coll\u00e8gues<\/title>\n<meta name=\"description\" content=\"Les douleurs dans les oreilles et les tensions dans le cou peuvent avoir leur origine dans l&#039;articulation de la m\u00e2choire. Nous sommes sp\u00e9cialis\u00e9s dans les traitements de l&#039;articulation temporo-mandibulaire.\" \/>\n<meta name=\"robots\" content=\"index, follow, max-snippet:-1, max-image-preview:large, max-video-preview:-1\" \/>\n<link rel=\"canonical\" href=\"https:\/\/zkk-frankfurt.de\/fr\/traitements\/traitement-de-larticulation-temporo-mandibulaire\/\" \/>\n<meta property=\"og:locale\" content=\"fr_FR\" \/>\n<meta property=\"og:type\" content=\"article\" \/>\n<meta property=\"og:title\" content=\"Traitements de l&#039;articulation temporo-mandibulaire \u2705 Dentistes Krell &amp; Coll\u00e8gues\" \/>\n<meta property=\"og:description\" content=\"Les douleurs dans les oreilles et les tensions dans le cou peuvent avoir leur origine dans l&#039;articulation de la m\u00e2choire. Nous sommes sp\u00e9cialis\u00e9s dans les traitements de l&#039;articulation temporo-mandibulaire.\" \/>\n<meta property=\"og:url\" content=\"https:\/\/zkk-frankfurt.de\/fr\/traitements\/traitement-de-larticulation-temporo-mandibulaire\/\" \/>\n<meta property=\"og:site_name\" content=\"ZKK\" \/>\n<meta property=\"article:publisher\" content=\"https:\/\/de-de.facebook.com\/KrellZahnarztFrankfurt\/\" \/>\n<meta property=\"article:modified_time\" content=\"2024-06-07T10:06:28+00:00\" \/>\n<meta name=\"twitter:card\" content=\"summary_large_image\" \/>\n<script type=\"application\/ld+json\" class=\"yoast-schema-graph\">{\"@context\":\"https:\\\/\\\/schema.org\",\"@graph\":[{\"@type\":\"WebPage\",\"@id\":\"https:\\\/\\\/zkk-frankfurt.de\\\/fr\\\/traitements\\\/traitement-de-larticulation-temporo-mandibulaire\\\/\",\"url\":\"https:\\\/\\\/zkk-frankfurt.de\\\/fr\\\/traitements\\\/traitement-de-larticulation-temporo-mandibulaire\\\/\",\"name\":\"Traitements de l'articulation temporo-mandibulaire \u2705 Dentistes Krell & Coll\u00e8gues\",\"isPartOf\":{\"@id\":\"https:\\\/\\\/zkk-frankfurt.de\\\/fr\\\/#website\"},\"datePublished\":\"2023-12-04T11:16:22+00:00\",\"dateModified\":\"2024-06-07T10:06:28+00:00\",\"description\":\"Les douleurs dans les oreilles et les tensions dans le cou peuvent avoir leur origine dans l'articulation de la m\u00e2choire. Nous sommes sp\u00e9cialis\u00e9s dans les traitements de l'articulation temporo-mandibulaire.\",\"breadcrumb\":{\"@id\":\"https:\\\/\\\/zkk-frankfurt.de\\\/fr\\\/traitements\\\/traitement-de-larticulation-temporo-mandibulaire\\\/#breadcrumb\"},\"inLanguage\":\"fr-FR\",\"potentialAction\":[{\"@type\":\"ReadAction\",\"target\":[\"https:\\\/\\\/zkk-frankfurt.de\\\/fr\\\/traitements\\\/traitement-de-larticulation-temporo-mandibulaire\\\/\"]}]},{\"@type\":\"BreadcrumbList\",\"@id\":\"https:\\\/\\\/zkk-frankfurt.de\\\/fr\\\/traitements\\\/traitement-de-larticulation-temporo-mandibulaire\\\/#breadcrumb\",\"itemListElement\":[{\"@type\":\"ListItem\",\"position\":1,\"name\":\"Startseite\",\"item\":\"https:\\\/\\\/zkk-frankfurt.de\\\/fr\\\/\"},{\"@type\":\"ListItem\",\"position\":2,\"name\":\"Traitements\",\"item\":\"https:\\\/\\\/zkk-frankfurt.de\\\/fr\\\/traitements\\\/\"},{\"@type\":\"ListItem\",\"position\":3,\"name\":\"Traitement de l&#8217;articulation temporo-mandibulaire\"}]},{\"@type\":\"WebSite\",\"@id\":\"https:\\\/\\\/zkk-frankfurt.de\\\/fr\\\/#website\",\"url\":\"https:\\\/\\\/zkk-frankfurt.de\\\/fr\\\/\",\"name\":\"Zahnarzt Dr. Krell & Kollegen in Frankfurt\",\"description\":\"\",\"publisher\":{\"@id\":\"https:\\\/\\\/zkk-frankfurt.de\\\/fr\\\/#organization\"},\"potentialAction\":[{\"@type\":\"SearchAction\",\"target\":{\"@type\":\"EntryPoint\",\"urlTemplate\":\"https:\\\/\\\/zkk-frankfurt.de\\\/fr\\\/?s={search_term_string}\"},\"query-input\":{\"@type\":\"PropertyValueSpecification\",\"valueRequired\":true,\"valueName\":\"search_term_string\"}}],\"inLanguage\":\"fr-FR\"},{\"@type\":\"Organization\",\"@id\":\"https:\\\/\\\/zkk-frankfurt.de\\\/fr\\\/#organization\",\"name\":\"Zahnarzt Dr. Krell & Kollegen in Frankfurt\",\"url\":\"https:\\\/\\\/zkk-frankfurt.de\\\/fr\\\/\",\"logo\":{\"@type\":\"ImageObject\",\"inLanguage\":\"fr-FR\",\"@id\":\"https:\\\/\\\/zkk-frankfurt.de\\\/fr\\\/#\\\/schema\\\/logo\\\/image\\\/\",\"url\":\"https:\\\/\\\/zkk-frankfurt.de\\\/wp-content\\\/uploads\\\/zkk-kontakt-anfahrt-01.jpg\",\"contentUrl\":\"https:\\\/\\\/zkk-frankfurt.de\\\/wp-content\\\/uploads\\\/zkk-kontakt-anfahrt-01.jpg\",\"width\":1600,\"height\":1067,\"caption\":\"Zahnarzt Dr. Krell & Kollegen in Frankfurt\"},\"image\":{\"@id\":\"https:\\\/\\\/zkk-frankfurt.de\\\/fr\\\/#\\\/schema\\\/logo\\\/image\\\/\"},\"sameAs\":[\"https:\\\/\\\/de-de.facebook.com\\\/KrellZahnarztFrankfurt\\\/\",\"https:\\\/\\\/www.instagram.com\\\/frankfurtzahnarzt\\\/?hl=de\"]}]}<\/script>\n<!-- \/ Yoast SEO plugin. -->","yoast_head_json":{"title":"Traitements de l'articulation temporo-mandibulaire \u2705 Dentistes Krell & Coll\u00e8gues","description":"Les douleurs dans les oreilles et les tensions dans le cou peuvent avoir leur origine dans l'articulation de la m\u00e2choire. Nous sommes sp\u00e9cialis\u00e9s dans les traitements de l'articulation temporo-mandibulaire.","robots":{"index":"index","follow":"follow","max-snippet":"max-snippet:-1","max-image-preview":"max-image-preview:large","max-video-preview":"max-video-preview:-1"},"canonical":"https:\/\/zkk-frankfurt.de\/fr\/traitements\/traitement-de-larticulation-temporo-mandibulaire\/","og_locale":"fr_FR","og_type":"article","og_title":"Traitements de l'articulation temporo-mandibulaire \u2705 Dentistes Krell & Coll\u00e8gues","og_description":"Les douleurs dans les oreilles et les tensions dans le cou peuvent avoir leur origine dans l'articulation de la m\u00e2choire. Nous sommes sp\u00e9cialis\u00e9s dans les traitements de l'articulation temporo-mandibulaire.","og_url":"https:\/\/zkk-frankfurt.de\/fr\/traitements\/traitement-de-larticulation-temporo-mandibulaire\/","og_site_name":"ZKK","article_publisher":"https:\/\/de-de.facebook.com\/KrellZahnarztFrankfurt\/","article_modified_time":"2024-06-07T10:06:28+00:00","twitter_card":"summary_large_image","schema":{"@context":"https:\/\/schema.org","@graph":[{"@type":"WebPage","@id":"https:\/\/zkk-frankfurt.de\/fr\/traitements\/traitement-de-larticulation-temporo-mandibulaire\/","url":"https:\/\/zkk-frankfurt.de\/fr\/traitements\/traitement-de-larticulation-temporo-mandibulaire\/","name":"Traitements de l'articulation temporo-mandibulaire \u2705 Dentistes Krell & Coll\u00e8gues","isPartOf":{"@id":"https:\/\/zkk-frankfurt.de\/fr\/#website"},"datePublished":"2023-12-04T11:16:22+00:00","dateModified":"2024-06-07T10:06:28+00:00","description":"Les douleurs dans les oreilles et les tensions dans le cou peuvent avoir leur origine dans l'articulation de la m\u00e2choire. Nous sommes sp\u00e9cialis\u00e9s dans les traitements de l'articulation temporo-mandibulaire.","breadcrumb":{"@id":"https:\/\/zkk-frankfurt.de\/fr\/traitements\/traitement-de-larticulation-temporo-mandibulaire\/#breadcrumb"},"inLanguage":"fr-FR","potentialAction":[{"@type":"ReadAction","target":["https:\/\/zkk-frankfurt.de\/fr\/traitements\/traitement-de-larticulation-temporo-mandibulaire\/"]}]},{"@type":"BreadcrumbList","@id":"https:\/\/zkk-frankfurt.de\/fr\/traitements\/traitement-de-larticulation-temporo-mandibulaire\/#breadcrumb","itemListElement":[{"@type":"ListItem","position":1,"name":"Startseite","item":"https:\/\/zkk-frankfurt.de\/fr\/"},{"@type":"ListItem","position":2,"name":"Traitements","item":"https:\/\/zkk-frankfurt.de\/fr\/traitements\/"},{"@type":"ListItem","position":3,"name":"Traitement de l&#8217;articulation temporo-mandibulaire"}]},{"@type":"WebSite","@id":"https:\/\/zkk-frankfurt.de\/fr\/#website","url":"https:\/\/zkk-frankfurt.de\/fr\/","name":"Zahnarzt Dr. Krell & Kollegen in Frankfurt","description":"","publisher":{"@id":"https:\/\/zkk-frankfurt.de\/fr\/#organization"},"potentialAction":[{"@type":"SearchAction","target":{"@type":"EntryPoint","urlTemplate":"https:\/\/zkk-frankfurt.de\/fr\/?s={search_term_string}"},"query-input":{"@type":"PropertyValueSpecification","valueRequired":true,"valueName":"search_term_string"}}],"inLanguage":"fr-FR"},{"@type":"Organization","@id":"https:\/\/zkk-frankfurt.de\/fr\/#organization","name":"Zahnarzt Dr. Krell & Kollegen in Frankfurt","url":"https:\/\/zkk-frankfurt.de\/fr\/","logo":{"@type":"ImageObject","inLanguage":"fr-FR","@id":"https:\/\/zkk-frankfurt.de\/fr\/#\/schema\/logo\/image\/","url":"https:\/\/zkk-frankfurt.de\/wp-content\/uploads\/zkk-kontakt-anfahrt-01.jpg","contentUrl":"https:\/\/zkk-frankfurt.de\/wp-content\/uploads\/zkk-kontakt-anfahrt-01.jpg","width":1600,"height":1067,"caption":"Zahnarzt Dr. Krell & Kollegen in Frankfurt"},"image":{"@id":"https:\/\/zkk-frankfurt.de\/fr\/#\/schema\/logo\/image\/"},"sameAs":["https:\/\/de-de.facebook.com\/KrellZahnarztFrankfurt\/","https:\/\/www.instagram.com\/frankfurtzahnarzt\/?hl=de"]}]}},"_links":{"self":[{"href":"https:\/\/zkk-frankfurt.de\/fr\/wp-json\/wp\/v2\/pages\/1546","targetHints":{"allow":["GET"]}}],"collection":[{"href":"https:\/\/zkk-frankfurt.de\/fr\/wp-json\/wp\/v2\/pages"}],"about":[{"href":"https:\/\/zkk-frankfurt.de\/fr\/wp-json\/wp\/v2\/types\/page"}],"author":[{"embeddable":true,"href":"https:\/\/zkk-frankfurt.de\/fr\/wp-json\/wp\/v2\/users\/1"}],"replies":[{"embeddable":true,"href":"https:\/\/zkk-frankfurt.de\/fr\/wp-json\/wp\/v2\/comments?post=1546"}],"version-history":[{"count":0,"href":"https:\/\/zkk-frankfurt.de\/fr\/wp-json\/wp\/v2\/pages\/1546\/revisions"}],"up":[{"embeddable":true,"href":"https:\/\/zkk-frankfurt.de\/fr\/wp-json\/wp\/v2\/pages\/1559"}],"wp:attachment":[{"href":"https:\/\/zkk-frankfurt.de\/fr\/wp-json\/wp\/v2\/media?parent=1546"}],"curies":[{"name":"wp","href":"https:\/\/api.w.org\/{rel}","templated":true}]}}