{"id":1551,"date":"2023-12-03T21:13:09","date_gmt":"2023-12-03T20:13:09","guid":{"rendered":"https:\/\/zkk-frankfurt.de\/parodontitis-behandlung\/"},"modified":"2026-03-26T13:26:29","modified_gmt":"2026-03-26T12:26:29","slug":"traitement-de-la-parodontite","status":"publish","type":"page","link":"https:\/\/zkk-frankfurt.de\/fr\/traitements\/traitement-de-la-parodontite\/","title":{"rendered":"Traitement de la parodontite"},"content":{"rendered":"","protected":false},"excerpt":{"rendered":"","protected":false},"author":1,"featured_media":1552,"parent":1559,"menu_order":0,"comment_status":"closed","ping_status":"closed","template":"","meta":{"footnotes":""},"class_list":["post-1551","page","type-page","status-publish","has-post-thumbnail","hentry"],"yoast_head":"<!-- This site is optimized with the Yoast SEO plugin v27.3 - https:\/\/yoast.com\/product\/yoast-seo-wordpress\/ -->\n<title>Traitement de la parodontite \u00e0 Francfort-sur-le-Main - Doux &amp; efficace<\/title>\n<meta name=\"description\" content=\"Des gencives qui saignent ou des dents qui se d\u00e9chaussent ? Nous stoppons la parodontite \u00e0 temps et en douceur. Prenez rendez-vous d\u00e8s maintenant : \u260e 069 - 59 67 57 59\" \/>\n<meta name=\"robots\" content=\"index, follow, max-snippet:-1, max-image-preview:large, max-video-preview:-1\" \/>\n<link rel=\"canonical\" href=\"https:\/\/zkk-frankfurt.de\/fr\/traitements\/traitement-de-la-parodontite\/\" \/>\n<meta property=\"og:locale\" content=\"fr_FR\" \/>\n<meta property=\"og:type\" content=\"article\" \/>\n<meta property=\"og:title\" content=\"Traitement de la parodontite \u00e0 Francfort-sur-le-Main - Doux &amp; efficace\" \/>\n<meta property=\"og:description\" content=\"Des gencives qui saignent ou des dents qui se d\u00e9chaussent ? Nous stoppons la parodontite \u00e0 temps et en douceur. Prenez rendez-vous d\u00e8s maintenant : \u260e 069 - 59 67 57 59\" \/>\n<meta property=\"og:url\" content=\"https:\/\/zkk-frankfurt.de\/fr\/traitements\/traitement-de-la-parodontite\/\" \/>\n<meta property=\"og:site_name\" content=\"ZKK\" \/>\n<meta property=\"article:publisher\" content=\"https:\/\/de-de.facebook.com\/KrellZahnarztFrankfurt\/\" \/>\n<meta property=\"article:modified_time\" content=\"2026-03-26T12:26:29+00:00\" \/>\n<meta property=\"og:image\" content=\"https:\/\/zkk-frankfurt.de\/wp-content\/uploads\/ZKK-Frankfurt-Parodontose-Behandlung-2.jpg\" \/>\n\t<meta property=\"og:image:width\" content=\"1600\" \/>\n\t<meta property=\"og:image:height\" content=\"705\" \/>\n\t<meta property=\"og:image:type\" content=\"image\/jpeg\" \/>\n<meta name=\"twitter:card\" content=\"summary_large_image\" \/>\n<meta name=\"twitter:label1\" content=\"Dur\u00e9e de lecture estim\u00e9e\" \/>\n\t<meta name=\"twitter:data1\" content=\"1 minute\" \/>\n<script type=\"application\/ld+json\" class=\"yoast-schema-graph\">{\"@context\":\"https:\\\/\\\/schema.org\",\"@graph\":[{\"@type\":\"WebPage\",\"@id\":\"https:\\\/\\\/zkk-frankfurt.de\\\/fr\\\/traitements\\\/traitement-de-la-parodontite\\\/\",\"url\":\"https:\\\/\\\/zkk-frankfurt.de\\\/fr\\\/traitements\\\/traitement-de-la-parodontite\\\/\",\"name\":\"Traitement de la parodontite \u00e0 Francfort-sur-le-Main - Doux & efficace\",\"isPartOf\":{\"@id\":\"https:\\\/\\\/zkk-frankfurt.de\\\/fr\\\/#website\"},\"primaryImageOfPage\":{\"@id\":\"https:\\\/\\\/zkk-frankfurt.de\\\/fr\\\/traitements\\\/traitement-de-la-parodontite\\\/#primaryimage\"},\"image\":{\"@id\":\"https:\\\/\\\/zkk-frankfurt.de\\\/fr\\\/traitements\\\/traitement-de-la-parodontite\\\/#primaryimage\"},\"thumbnailUrl\":\"https:\\\/\\\/zkk-frankfurt.de\\\/wp-content\\\/uploads\\\/ZKK-Frankfurt-Parodontose-Behandlung-2.jpg\",\"datePublished\":\"2023-12-03T20:13:09+00:00\",\"dateModified\":\"2026-03-26T12:26:29+00:00\",\"description\":\"Des gencives qui saignent ou des dents qui se d\u00e9chaussent ? Nous stoppons la parodontite \u00e0 temps et en douceur. Prenez rendez-vous d\u00e8s maintenant : \u260e 069 - 59 67 57 59\",\"breadcrumb\":{\"@id\":\"https:\\\/\\\/zkk-frankfurt.de\\\/fr\\\/traitements\\\/traitement-de-la-parodontite\\\/#breadcrumb\"},\"inLanguage\":\"fr-FR\",\"potentialAction\":[{\"@type\":\"ReadAction\",\"target\":[\"https:\\\/\\\/zkk-frankfurt.de\\\/fr\\\/traitements\\\/traitement-de-la-parodontite\\\/\"]}]},{\"@type\":\"ImageObject\",\"inLanguage\":\"fr-FR\",\"@id\":\"https:\\\/\\\/zkk-frankfurt.de\\\/fr\\\/traitements\\\/traitement-de-la-parodontite\\\/#primaryimage\",\"url\":\"https:\\\/\\\/zkk-frankfurt.de\\\/wp-content\\\/uploads\\\/ZKK-Frankfurt-Parodontose-Behandlung-2.jpg\",\"contentUrl\":\"https:\\\/\\\/zkk-frankfurt.de\\\/wp-content\\\/uploads\\\/ZKK-Frankfurt-Parodontose-Behandlung-2.jpg\",\"width\":1600,\"height\":705,\"caption\":\"ZKK \u2013 Zahn\u00e4rzte Krell & Kollegen \u2013 Parodontose-Behandlung von Zahnfleisch und Z\u00e4hnen in Frankfurt Stadtmitte\"},{\"@type\":\"BreadcrumbList\",\"@id\":\"https:\\\/\\\/zkk-frankfurt.de\\\/fr\\\/traitements\\\/traitement-de-la-parodontite\\\/#breadcrumb\",\"itemListElement\":[{\"@type\":\"ListItem\",\"position\":1,\"name\":\"Startseite\",\"item\":\"https:\\\/\\\/zkk-frankfurt.de\\\/fr\\\/\"},{\"@type\":\"ListItem\",\"position\":2,\"name\":\"Traitements\",\"item\":\"https:\\\/\\\/zkk-frankfurt.de\\\/fr\\\/traitements\\\/\"},{\"@type\":\"ListItem\",\"position\":3,\"name\":\"Traitement de la parodontite\"}]},{\"@type\":\"WebSite\",\"@id\":\"https:\\\/\\\/zkk-frankfurt.de\\\/fr\\\/#website\",\"url\":\"https:\\\/\\\/zkk-frankfurt.de\\\/fr\\\/\",\"name\":\"Zahnarzt Dr. Krell & Kollegen in Frankfurt\",\"description\":\"\",\"publisher\":{\"@id\":\"https:\\\/\\\/zkk-frankfurt.de\\\/fr\\\/#organization\"},\"potentialAction\":[{\"@type\":\"SearchAction\",\"target\":{\"@type\":\"EntryPoint\",\"urlTemplate\":\"https:\\\/\\\/zkk-frankfurt.de\\\/fr\\\/?s={search_term_string}\"},\"query-input\":{\"@type\":\"PropertyValueSpecification\",\"valueRequired\":true,\"valueName\":\"search_term_string\"}}],\"inLanguage\":\"fr-FR\"},{\"@type\":\"Organization\",\"@id\":\"https:\\\/\\\/zkk-frankfurt.de\\\/fr\\\/#organization\",\"name\":\"Zahnarzt Dr. Krell & Kollegen in Frankfurt\",\"url\":\"https:\\\/\\\/zkk-frankfurt.de\\\/fr\\\/\",\"logo\":{\"@type\":\"ImageObject\",\"inLanguage\":\"fr-FR\",\"@id\":\"https:\\\/\\\/zkk-frankfurt.de\\\/fr\\\/#\\\/schema\\\/logo\\\/image\\\/\",\"url\":\"https:\\\/\\\/zkk-frankfurt.de\\\/wp-content\\\/uploads\\\/zkk-kontakt-anfahrt-01.jpg\",\"contentUrl\":\"https:\\\/\\\/zkk-frankfurt.de\\\/wp-content\\\/uploads\\\/zkk-kontakt-anfahrt-01.jpg\",\"width\":1600,\"height\":1067,\"caption\":\"Zahnarzt Dr. Krell & Kollegen in Frankfurt\"},\"image\":{\"@id\":\"https:\\\/\\\/zkk-frankfurt.de\\\/fr\\\/#\\\/schema\\\/logo\\\/image\\\/\"},\"sameAs\":[\"https:\\\/\\\/de-de.facebook.com\\\/KrellZahnarztFrankfurt\\\/\",\"https:\\\/\\\/www.instagram.com\\\/frankfurtzahnarzt\\\/?hl=de\"]}]}<\/script>\n<!-- \/ Yoast SEO plugin. -->","yoast_head_json":{"title":"Traitement de la parodontite \u00e0 Francfort-sur-le-Main - Doux & efficace","description":"Des gencives qui saignent ou des dents qui se d\u00e9chaussent ? Nous stoppons la parodontite \u00e0 temps et en douceur. Prenez rendez-vous d\u00e8s maintenant : \u260e 069 - 59 67 57 59","robots":{"index":"index","follow":"follow","max-snippet":"max-snippet:-1","max-image-preview":"max-image-preview:large","max-video-preview":"max-video-preview:-1"},"canonical":"https:\/\/zkk-frankfurt.de\/fr\/traitements\/traitement-de-la-parodontite\/","og_locale":"fr_FR","og_type":"article","og_title":"Traitement de la parodontite \u00e0 Francfort-sur-le-Main - Doux & efficace","og_description":"Des gencives qui saignent ou des dents qui se d\u00e9chaussent ? Nous stoppons la parodontite \u00e0 temps et en douceur. Prenez rendez-vous d\u00e8s maintenant : \u260e 069 - 59 67 57 59","og_url":"https:\/\/zkk-frankfurt.de\/fr\/traitements\/traitement-de-la-parodontite\/","og_site_name":"ZKK","article_publisher":"https:\/\/de-de.facebook.com\/KrellZahnarztFrankfurt\/","article_modified_time":"2026-03-26T12:26:29+00:00","og_image":[{"width":1600,"height":705,"url":"https:\/\/zkk-frankfurt.de\/wp-content\/uploads\/ZKK-Frankfurt-Parodontose-Behandlung-2.jpg","type":"image\/jpeg"}],"twitter_card":"summary_large_image","twitter_misc":{"Dur\u00e9e de lecture estim\u00e9e":"1 minute"},"schema":{"@context":"https:\/\/schema.org","@graph":[{"@type":"WebPage","@id":"https:\/\/zkk-frankfurt.de\/fr\/traitements\/traitement-de-la-parodontite\/","url":"https:\/\/zkk-frankfurt.de\/fr\/traitements\/traitement-de-la-parodontite\/","name":"Traitement de la parodontite \u00e0 Francfort-sur-le-Main - Doux & efficace","isPartOf":{"@id":"https:\/\/zkk-frankfurt.de\/fr\/#website"},"primaryImageOfPage":{"@id":"https:\/\/zkk-frankfurt.de\/fr\/traitements\/traitement-de-la-parodontite\/#primaryimage"},"image":{"@id":"https:\/\/zkk-frankfurt.de\/fr\/traitements\/traitement-de-la-parodontite\/#primaryimage"},"thumbnailUrl":"https:\/\/zkk-frankfurt.de\/wp-content\/uploads\/ZKK-Frankfurt-Parodontose-Behandlung-2.jpg","datePublished":"2023-12-03T20:13:09+00:00","dateModified":"2026-03-26T12:26:29+00:00","description":"Des gencives qui saignent ou des dents qui se d\u00e9chaussent ? Nous stoppons la parodontite \u00e0 temps et en douceur. Prenez rendez-vous d\u00e8s maintenant : \u260e 069 - 59 67 57 59","breadcrumb":{"@id":"https:\/\/zkk-frankfurt.de\/fr\/traitements\/traitement-de-la-parodontite\/#breadcrumb"},"inLanguage":"fr-FR","potentialAction":[{"@type":"ReadAction","target":["https:\/\/zkk-frankfurt.de\/fr\/traitements\/traitement-de-la-parodontite\/"]}]},{"@type":"ImageObject","inLanguage":"fr-FR","@id":"https:\/\/zkk-frankfurt.de\/fr\/traitements\/traitement-de-la-parodontite\/#primaryimage","url":"https:\/\/zkk-frankfurt.de\/wp-content\/uploads\/ZKK-Frankfurt-Parodontose-Behandlung-2.jpg","contentUrl":"https:\/\/zkk-frankfurt.de\/wp-content\/uploads\/ZKK-Frankfurt-Parodontose-Behandlung-2.jpg","width":1600,"height":705,"caption":"ZKK \u2013 Zahn\u00e4rzte Krell & Kollegen \u2013 Parodontose-Behandlung von Zahnfleisch und Z\u00e4hnen in Frankfurt Stadtmitte"},{"@type":"BreadcrumbList","@id":"https:\/\/zkk-frankfurt.de\/fr\/traitements\/traitement-de-la-parodontite\/#breadcrumb","itemListElement":[{"@type":"ListItem","position":1,"name":"Startseite","item":"https:\/\/zkk-frankfurt.de\/fr\/"},{"@type":"ListItem","position":2,"name":"Traitements","item":"https:\/\/zkk-frankfurt.de\/fr\/traitements\/"},{"@type":"ListItem","position":3,"name":"Traitement de la parodontite"}]},{"@type":"WebSite","@id":"https:\/\/zkk-frankfurt.de\/fr\/#website","url":"https:\/\/zkk-frankfurt.de\/fr\/","name":"Zahnarzt Dr. Krell & Kollegen in Frankfurt","description":"","publisher":{"@id":"https:\/\/zkk-frankfurt.de\/fr\/#organization"},"potentialAction":[{"@type":"SearchAction","target":{"@type":"EntryPoint","urlTemplate":"https:\/\/zkk-frankfurt.de\/fr\/?s={search_term_string}"},"query-input":{"@type":"PropertyValueSpecification","valueRequired":true,"valueName":"search_term_string"}}],"inLanguage":"fr-FR"},{"@type":"Organization","@id":"https:\/\/zkk-frankfurt.de\/fr\/#organization","name":"Zahnarzt Dr. Krell & Kollegen in Frankfurt","url":"https:\/\/zkk-frankfurt.de\/fr\/","logo":{"@type":"ImageObject","inLanguage":"fr-FR","@id":"https:\/\/zkk-frankfurt.de\/fr\/#\/schema\/logo\/image\/","url":"https:\/\/zkk-frankfurt.de\/wp-content\/uploads\/zkk-kontakt-anfahrt-01.jpg","contentUrl":"https:\/\/zkk-frankfurt.de\/wp-content\/uploads\/zkk-kontakt-anfahrt-01.jpg","width":1600,"height":1067,"caption":"Zahnarzt Dr. Krell & Kollegen in Frankfurt"},"image":{"@id":"https:\/\/zkk-frankfurt.de\/fr\/#\/schema\/logo\/image\/"},"sameAs":["https:\/\/de-de.facebook.com\/KrellZahnarztFrankfurt\/","https:\/\/www.instagram.com\/frankfurtzahnarzt\/?hl=de"]}]}},"_links":{"self":[{"href":"https:\/\/zkk-frankfurt.de\/fr\/wp-json\/wp\/v2\/pages\/1551","targetHints":{"allow":["GET"]}}],"collection":[{"href":"https:\/\/zkk-frankfurt.de\/fr\/wp-json\/wp\/v2\/pages"}],"about":[{"href":"https:\/\/zkk-frankfurt.de\/fr\/wp-json\/wp\/v2\/types\/page"}],"author":[{"embeddable":true,"href":"https:\/\/zkk-frankfurt.de\/fr\/wp-json\/wp\/v2\/users\/1"}],"replies":[{"embeddable":true,"href":"https:\/\/zkk-frankfurt.de\/fr\/wp-json\/wp\/v2\/comments?post=1551"}],"version-history":[{"count":1,"href":"https:\/\/zkk-frankfurt.de\/fr\/wp-json\/wp\/v2\/pages\/1551\/revisions"}],"predecessor-version":[{"id":2020,"href":"https:\/\/zkk-frankfurt.de\/fr\/wp-json\/wp\/v2\/pages\/1551\/revisions\/2020"}],"up":[{"embeddable":true,"href":"https:\/\/zkk-frankfurt.de\/fr\/wp-json\/wp\/v2\/pages\/1559"}],"wp:featuredmedia":[{"embeddable":true,"href":"https:\/\/zkk-frankfurt.de\/fr\/wp-json\/wp\/v2\/media\/1552"}],"wp:attachment":[{"href":"https:\/\/zkk-frankfurt.de\/fr\/wp-json\/wp\/v2\/media?parent=1551"}],"curies":[{"name":"wp","href":"https:\/\/api.w.org\/{rel}","templated":true}]}}