{"id":1557,"date":"2023-12-02T12:43:55","date_gmt":"2023-12-02T11:43:55","guid":{"rendered":"https:\/\/zkk-frankfurt.de\/zahnaesthetik\/"},"modified":"2026-03-26T13:42:44","modified_gmt":"2026-03-26T12:42:44","slug":"esthetique-dentaire","status":"publish","type":"page","link":"https:\/\/zkk-frankfurt.de\/fr\/traitements\/esthetique-dentaire\/","title":{"rendered":"Esth\u00e9tique dentaire pour le plus beau des sourires"},"content":{"rendered":"","protected":false},"excerpt":{"rendered":"","protected":false},"author":1,"featured_media":1558,"parent":1559,"menu_order":0,"comment_status":"closed","ping_status":"closed","template":"","meta":{"footnotes":""},"class_list":["post-1557","page","type-page","status-publish","has-post-thumbnail","hentry"],"yoast_head":"<!-- This site is optimized with the Yoast SEO plugin v27.3 - https:\/\/yoast.com\/product\/yoast-seo-wordpress\/ -->\n<title>Esth\u00e9tique dentaire \u00e0 Francfort centre-ville - Pour votre plus beau sourire<\/title>\n<meta name=\"description\" content=\"Inlays en c\u00e9ramique, blanchiment &amp; facettes - une esth\u00e9tique dentaire moderne par une \u00e9quipe exp\u00e9riment\u00e9e. Prenez rendez-vous d\u00e8s maintenant : \u260e 069 - 59 67 57 59\" \/>\n<meta name=\"robots\" content=\"index, follow, max-snippet:-1, max-image-preview:large, max-video-preview:-1\" \/>\n<link rel=\"canonical\" href=\"https:\/\/zkk-frankfurt.de\/fr\/traitements\/esthetique-dentaire\/\" \/>\n<meta property=\"og:locale\" content=\"fr_FR\" \/>\n<meta property=\"og:type\" content=\"article\" \/>\n<meta property=\"og:title\" content=\"Esth\u00e9tique dentaire \u00e0 Francfort centre-ville - Pour votre plus beau sourire\" \/>\n<meta property=\"og:description\" content=\"Inlays en c\u00e9ramique, blanchiment &amp; facettes - une esth\u00e9tique dentaire moderne par une \u00e9quipe exp\u00e9riment\u00e9e. Prenez rendez-vous d\u00e8s maintenant : \u260e 069 - 59 67 57 59\" \/>\n<meta property=\"og:url\" content=\"https:\/\/zkk-frankfurt.de\/fr\/traitements\/esthetique-dentaire\/\" \/>\n<meta property=\"og:site_name\" content=\"ZKK\" \/>\n<meta property=\"article:publisher\" content=\"https:\/\/de-de.facebook.com\/KrellZahnarztFrankfurt\/\" \/>\n<meta property=\"article:modified_time\" content=\"2026-03-26T12:42:44+00:00\" \/>\n<meta property=\"og:image\" content=\"https:\/\/zkk-frankfurt.de\/wp-content\/uploads\/ZKK-Frankfurt-Zahnaesthetik-3.jpg\" \/>\n\t<meta property=\"og:image:width\" content=\"1600\" \/>\n\t<meta property=\"og:image:height\" content=\"530\" \/>\n\t<meta property=\"og:image:type\" content=\"image\/jpeg\" \/>\n<meta name=\"twitter:card\" content=\"summary_large_image\" \/>\n<meta name=\"twitter:label1\" content=\"Dur\u00e9e de lecture estim\u00e9e\" \/>\n\t<meta name=\"twitter:data1\" content=\"1 minute\" \/>\n<script type=\"application\/ld+json\" class=\"yoast-schema-graph\">{\"@context\":\"https:\\\/\\\/schema.org\",\"@graph\":[{\"@type\":\"WebPage\",\"@id\":\"https:\\\/\\\/zkk-frankfurt.de\\\/fr\\\/traitements\\\/esthetique-dentaire\\\/\",\"url\":\"https:\\\/\\\/zkk-frankfurt.de\\\/fr\\\/traitements\\\/esthetique-dentaire\\\/\",\"name\":\"Esth\u00e9tique dentaire \u00e0 Francfort centre-ville - Pour votre plus beau sourire\",\"isPartOf\":{\"@id\":\"https:\\\/\\\/zkk-frankfurt.de\\\/fr\\\/#website\"},\"primaryImageOfPage\":{\"@id\":\"https:\\\/\\\/zkk-frankfurt.de\\\/fr\\\/traitements\\\/esthetique-dentaire\\\/#primaryimage\"},\"image\":{\"@id\":\"https:\\\/\\\/zkk-frankfurt.de\\\/fr\\\/traitements\\\/esthetique-dentaire\\\/#primaryimage\"},\"thumbnailUrl\":\"https:\\\/\\\/zkk-frankfurt.de\\\/wp-content\\\/uploads\\\/ZKK-Frankfurt-Zahnaesthetik-3.jpg\",\"datePublished\":\"2023-12-02T11:43:55+00:00\",\"dateModified\":\"2026-03-26T12:42:44+00:00\",\"description\":\"Inlays en c\u00e9ramique, blanchiment & facettes - une esth\u00e9tique dentaire moderne par une \u00e9quipe exp\u00e9riment\u00e9e. Prenez rendez-vous d\u00e8s maintenant : \u260e 069 - 59 67 57 59\",\"breadcrumb\":{\"@id\":\"https:\\\/\\\/zkk-frankfurt.de\\\/fr\\\/traitements\\\/esthetique-dentaire\\\/#breadcrumb\"},\"inLanguage\":\"fr-FR\",\"potentialAction\":[{\"@type\":\"ReadAction\",\"target\":[\"https:\\\/\\\/zkk-frankfurt.de\\\/fr\\\/traitements\\\/esthetique-dentaire\\\/\"]}]},{\"@type\":\"ImageObject\",\"inLanguage\":\"fr-FR\",\"@id\":\"https:\\\/\\\/zkk-frankfurt.de\\\/fr\\\/traitements\\\/esthetique-dentaire\\\/#primaryimage\",\"url\":\"https:\\\/\\\/zkk-frankfurt.de\\\/wp-content\\\/uploads\\\/ZKK-Frankfurt-Zahnaesthetik-3.jpg\",\"contentUrl\":\"https:\\\/\\\/zkk-frankfurt.de\\\/wp-content\\\/uploads\\\/ZKK-Frankfurt-Zahnaesthetik-3.jpg\",\"width\":1600,\"height\":530,\"caption\":\"ZKK \u2013 Zahn\u00e4rzte Krell & Kollegen \u2013 Zahn\u00e4sthetik-Behandlungen in Frankfurt am Main\"},{\"@type\":\"BreadcrumbList\",\"@id\":\"https:\\\/\\\/zkk-frankfurt.de\\\/fr\\\/traitements\\\/esthetique-dentaire\\\/#breadcrumb\",\"itemListElement\":[{\"@type\":\"ListItem\",\"position\":1,\"name\":\"Startseite\",\"item\":\"https:\\\/\\\/zkk-frankfurt.de\\\/fr\\\/\"},{\"@type\":\"ListItem\",\"position\":2,\"name\":\"Traitements\",\"item\":\"https:\\\/\\\/zkk-frankfurt.de\\\/fr\\\/traitements\\\/\"},{\"@type\":\"ListItem\",\"position\":3,\"name\":\"Esth\u00e9tique dentaire pour le plus beau des sourires\"}]},{\"@type\":\"WebSite\",\"@id\":\"https:\\\/\\\/zkk-frankfurt.de\\\/fr\\\/#website\",\"url\":\"https:\\\/\\\/zkk-frankfurt.de\\\/fr\\\/\",\"name\":\"Zahnarzt Dr. Krell & Kollegen in Frankfurt\",\"description\":\"\",\"publisher\":{\"@id\":\"https:\\\/\\\/zkk-frankfurt.de\\\/fr\\\/#organization\"},\"potentialAction\":[{\"@type\":\"SearchAction\",\"target\":{\"@type\":\"EntryPoint\",\"urlTemplate\":\"https:\\\/\\\/zkk-frankfurt.de\\\/fr\\\/?s={search_term_string}\"},\"query-input\":{\"@type\":\"PropertyValueSpecification\",\"valueRequired\":true,\"valueName\":\"search_term_string\"}}],\"inLanguage\":\"fr-FR\"},{\"@type\":\"Organization\",\"@id\":\"https:\\\/\\\/zkk-frankfurt.de\\\/fr\\\/#organization\",\"name\":\"Zahnarzt Dr. Krell & Kollegen in Frankfurt\",\"url\":\"https:\\\/\\\/zkk-frankfurt.de\\\/fr\\\/\",\"logo\":{\"@type\":\"ImageObject\",\"inLanguage\":\"fr-FR\",\"@id\":\"https:\\\/\\\/zkk-frankfurt.de\\\/fr\\\/#\\\/schema\\\/logo\\\/image\\\/\",\"url\":\"https:\\\/\\\/zkk-frankfurt.de\\\/wp-content\\\/uploads\\\/zkk-kontakt-anfahrt-01.jpg\",\"contentUrl\":\"https:\\\/\\\/zkk-frankfurt.de\\\/wp-content\\\/uploads\\\/zkk-kontakt-anfahrt-01.jpg\",\"width\":1600,\"height\":1067,\"caption\":\"Zahnarzt Dr. Krell & Kollegen in Frankfurt\"},\"image\":{\"@id\":\"https:\\\/\\\/zkk-frankfurt.de\\\/fr\\\/#\\\/schema\\\/logo\\\/image\\\/\"},\"sameAs\":[\"https:\\\/\\\/de-de.facebook.com\\\/KrellZahnarztFrankfurt\\\/\",\"https:\\\/\\\/www.instagram.com\\\/frankfurtzahnarzt\\\/?hl=de\"]}]}<\/script>\n<!-- \/ Yoast SEO plugin. -->","yoast_head_json":{"title":"Esth\u00e9tique dentaire \u00e0 Francfort centre-ville - Pour votre plus beau sourire","description":"Inlays en c\u00e9ramique, blanchiment & facettes - une esth\u00e9tique dentaire moderne par une \u00e9quipe exp\u00e9riment\u00e9e. Prenez rendez-vous d\u00e8s maintenant : \u260e 069 - 59 67 57 59","robots":{"index":"index","follow":"follow","max-snippet":"max-snippet:-1","max-image-preview":"max-image-preview:large","max-video-preview":"max-video-preview:-1"},"canonical":"https:\/\/zkk-frankfurt.de\/fr\/traitements\/esthetique-dentaire\/","og_locale":"fr_FR","og_type":"article","og_title":"Esth\u00e9tique dentaire \u00e0 Francfort centre-ville - Pour votre plus beau sourire","og_description":"Inlays en c\u00e9ramique, blanchiment & facettes - une esth\u00e9tique dentaire moderne par une \u00e9quipe exp\u00e9riment\u00e9e. Prenez rendez-vous d\u00e8s maintenant : \u260e 069 - 59 67 57 59","og_url":"https:\/\/zkk-frankfurt.de\/fr\/traitements\/esthetique-dentaire\/","og_site_name":"ZKK","article_publisher":"https:\/\/de-de.facebook.com\/KrellZahnarztFrankfurt\/","article_modified_time":"2026-03-26T12:42:44+00:00","og_image":[{"width":1600,"height":530,"url":"https:\/\/zkk-frankfurt.de\/wp-content\/uploads\/ZKK-Frankfurt-Zahnaesthetik-3.jpg","type":"image\/jpeg"}],"twitter_card":"summary_large_image","twitter_misc":{"Dur\u00e9e de lecture estim\u00e9e":"1 minute"},"schema":{"@context":"https:\/\/schema.org","@graph":[{"@type":"WebPage","@id":"https:\/\/zkk-frankfurt.de\/fr\/traitements\/esthetique-dentaire\/","url":"https:\/\/zkk-frankfurt.de\/fr\/traitements\/esthetique-dentaire\/","name":"Esth\u00e9tique dentaire \u00e0 Francfort centre-ville - Pour votre plus beau sourire","isPartOf":{"@id":"https:\/\/zkk-frankfurt.de\/fr\/#website"},"primaryImageOfPage":{"@id":"https:\/\/zkk-frankfurt.de\/fr\/traitements\/esthetique-dentaire\/#primaryimage"},"image":{"@id":"https:\/\/zkk-frankfurt.de\/fr\/traitements\/esthetique-dentaire\/#primaryimage"},"thumbnailUrl":"https:\/\/zkk-frankfurt.de\/wp-content\/uploads\/ZKK-Frankfurt-Zahnaesthetik-3.jpg","datePublished":"2023-12-02T11:43:55+00:00","dateModified":"2026-03-26T12:42:44+00:00","description":"Inlays en c\u00e9ramique, blanchiment & facettes - une esth\u00e9tique dentaire moderne par une \u00e9quipe exp\u00e9riment\u00e9e. Prenez rendez-vous d\u00e8s maintenant : \u260e 069 - 59 67 57 59","breadcrumb":{"@id":"https:\/\/zkk-frankfurt.de\/fr\/traitements\/esthetique-dentaire\/#breadcrumb"},"inLanguage":"fr-FR","potentialAction":[{"@type":"ReadAction","target":["https:\/\/zkk-frankfurt.de\/fr\/traitements\/esthetique-dentaire\/"]}]},{"@type":"ImageObject","inLanguage":"fr-FR","@id":"https:\/\/zkk-frankfurt.de\/fr\/traitements\/esthetique-dentaire\/#primaryimage","url":"https:\/\/zkk-frankfurt.de\/wp-content\/uploads\/ZKK-Frankfurt-Zahnaesthetik-3.jpg","contentUrl":"https:\/\/zkk-frankfurt.de\/wp-content\/uploads\/ZKK-Frankfurt-Zahnaesthetik-3.jpg","width":1600,"height":530,"caption":"ZKK \u2013 Zahn\u00e4rzte Krell & Kollegen \u2013 Zahn\u00e4sthetik-Behandlungen in Frankfurt am Main"},{"@type":"BreadcrumbList","@id":"https:\/\/zkk-frankfurt.de\/fr\/traitements\/esthetique-dentaire\/#breadcrumb","itemListElement":[{"@type":"ListItem","position":1,"name":"Startseite","item":"https:\/\/zkk-frankfurt.de\/fr\/"},{"@type":"ListItem","position":2,"name":"Traitements","item":"https:\/\/zkk-frankfurt.de\/fr\/traitements\/"},{"@type":"ListItem","position":3,"name":"Esth\u00e9tique dentaire pour le plus beau des sourires"}]},{"@type":"WebSite","@id":"https:\/\/zkk-frankfurt.de\/fr\/#website","url":"https:\/\/zkk-frankfurt.de\/fr\/","name":"Zahnarzt Dr. Krell & Kollegen in Frankfurt","description":"","publisher":{"@id":"https:\/\/zkk-frankfurt.de\/fr\/#organization"},"potentialAction":[{"@type":"SearchAction","target":{"@type":"EntryPoint","urlTemplate":"https:\/\/zkk-frankfurt.de\/fr\/?s={search_term_string}"},"query-input":{"@type":"PropertyValueSpecification","valueRequired":true,"valueName":"search_term_string"}}],"inLanguage":"fr-FR"},{"@type":"Organization","@id":"https:\/\/zkk-frankfurt.de\/fr\/#organization","name":"Zahnarzt Dr. Krell & Kollegen in Frankfurt","url":"https:\/\/zkk-frankfurt.de\/fr\/","logo":{"@type":"ImageObject","inLanguage":"fr-FR","@id":"https:\/\/zkk-frankfurt.de\/fr\/#\/schema\/logo\/image\/","url":"https:\/\/zkk-frankfurt.de\/wp-content\/uploads\/zkk-kontakt-anfahrt-01.jpg","contentUrl":"https:\/\/zkk-frankfurt.de\/wp-content\/uploads\/zkk-kontakt-anfahrt-01.jpg","width":1600,"height":1067,"caption":"Zahnarzt Dr. Krell & Kollegen in Frankfurt"},"image":{"@id":"https:\/\/zkk-frankfurt.de\/fr\/#\/schema\/logo\/image\/"},"sameAs":["https:\/\/de-de.facebook.com\/KrellZahnarztFrankfurt\/","https:\/\/www.instagram.com\/frankfurtzahnarzt\/?hl=de"]}]}},"_links":{"self":[{"href":"https:\/\/zkk-frankfurt.de\/fr\/wp-json\/wp\/v2\/pages\/1557","targetHints":{"allow":["GET"]}}],"collection":[{"href":"https:\/\/zkk-frankfurt.de\/fr\/wp-json\/wp\/v2\/pages"}],"about":[{"href":"https:\/\/zkk-frankfurt.de\/fr\/wp-json\/wp\/v2\/types\/page"}],"author":[{"embeddable":true,"href":"https:\/\/zkk-frankfurt.de\/fr\/wp-json\/wp\/v2\/users\/1"}],"replies":[{"embeddable":true,"href":"https:\/\/zkk-frankfurt.de\/fr\/wp-json\/wp\/v2\/comments?post=1557"}],"version-history":[{"count":1,"href":"https:\/\/zkk-frankfurt.de\/fr\/wp-json\/wp\/v2\/pages\/1557\/revisions"}],"predecessor-version":[{"id":2024,"href":"https:\/\/zkk-frankfurt.de\/fr\/wp-json\/wp\/v2\/pages\/1557\/revisions\/2024"}],"up":[{"embeddable":true,"href":"https:\/\/zkk-frankfurt.de\/fr\/wp-json\/wp\/v2\/pages\/1559"}],"wp:featuredmedia":[{"embeddable":true,"href":"https:\/\/zkk-frankfurt.de\/fr\/wp-json\/wp\/v2\/media\/1558"}],"wp:attachment":[{"href":"https:\/\/zkk-frankfurt.de\/fr\/wp-json\/wp\/v2\/media?parent=1557"}],"curies":[{"name":"wp","href":"https:\/\/api.w.org\/{rel}","templated":true}]}}